{"id":718,"date":"2019-09-19T09:45:38","date_gmt":"2019-09-19T06:45:38","guid":{"rendered":"http:\/\/barzaalba.md\/?page_id=718"},"modified":"2025-09-23T22:34:05","modified_gmt":"2025-09-23T19:34:05","slug":"istoriya","status":"publish","type":"page","link":"https:\/\/barzaalba.md\/ro\/istoriya\/","title":{"rendered":"Istoria"},"content":{"rendered":"<div class=\"row mb-20\">\n<div class=\"col-sm-12 col-md-12 col-lg-4\">\n<div class=\"mb-25\">\n<div class=\"cnt-item\">\n<div class=\"item-container\" style=\"text-align: justify;\">\n<h2 class=\"text-center mb-25\" style=\"font-size: 28px;\">Legenda despre Barza Alb\u0103<\/h2>\n<p>Se spune c\u0103, pe vremea lui \u0218tefan cel Mare, o armat\u0103 numeroas\u0103 de t\u0103tari a asediat Cetatea Soroca timp de luni de zile. \u00cen a\u0219teptarea ajutorului, lupt\u0103torii din cetate, lipsi\u021bi de hran\u0103 \u0219i ap\u0103, \u00ee\u0219i pierdeau pe zi ce trecea, puterile \u0219i speran\u021ba. C\u00e2nd, \u00een mod nea\u0219teptat, deasupra cet\u0103\u021bii \u0219i-au f\u0103cut apari\u021bia berzele albe, purt\u00e2nd \u00een ciocuri ciorchini de struguri, pe care i-au l\u0103sat s\u0103 cad\u0103 \u00een incinta citadelei. Boabele de struguri \u0219i ajutorul nepre\u021buit al acestor zbur\u0103toare au sporit for\u021bele \u0219i au ridicat moralul o\u0219tenilor care au respins eroic atacurile invadatorilor p\u00e2n\u0103 c\u00e2nd oastea condus\u0103 de \u0218tefan cel Mare le-a venit \u00een sprijin. De-atunci barza constituie simbol al unit\u0103\u021bii, iar moldovenii an de an le \u00eent\u00e2mpin\u0103 \u0219i le petrec \u00een c\u0103l\u0103toria lor p\u0103str\u00e2ndu-le cu sfin\u021benie cuiburile pe l\u00e2ng\u0103 casele lor. Cocost\u00e2rcul a r\u0103mas emblema vinului moldovenesc \u0219i odat\u0103 cu faima acestuia, e purtat\u0103 dincolo de hotare \u0219i legenda acestor p\u0103s\u0103ri aduc\u0103toare de noroc.\n<\/p><\/div>\n<\/div>\n<\/div>\n<\/div>\n<div class=\"col-sm-12 col-md-12 col-lg-4\">\n<div class=\"cnt-item\">\n<div class=\"item-container\">\n<div class=\"item-image1\"><img decoding=\"async\" src=\"\/wp-content\/uploads\/2022\/07\/poza-site.jpg\" \/><\/div>\n<\/div>\n<\/div>\n<\/div>\n<div class=\"col-sm-12 col-md-12 col-lg-4\">\n<div class=\"mb-25\">\n<div class=\"cnt-item\">\n<div class=\"item-container\" style=\"text-align: justify;\">\n<h2 class=\"text-center mb-25\" style=\"font-size: 28px;\">Despre noi<\/h2>\n<p>Istoria frumoas\u0103 a companiei S.A. \u201eBarza Alb\u0103\u201d \u00ee\u0219i are \u00eenceputurile \u00een anul 1944!<br \/>\nTimp de 75 de ani produsele companiei des\u0103v\u00eer\u0219esc toate tr\u0103irile \u0219i dragostea pentru lucrurile bine f\u0103cute, cu d\u0103ruire \u0219i devotament. Compania dispune de un poten\u021bial de producere performant \u0219i un portofoliu reprezentativ de divinuri \u00eennobilate la butoi de la 3 p\u00een\u0103 la 50 ani. Compania lucreaz\u0103 cu distribuitori interna\u021bionali de top, iar pia\u021ba de v\u00e2nz\u0103ri se extinde din Australia p\u00e2n\u0103 \u00een SUA \u0219i include Rom\u00e2nia, Ucraina, Israel, Kazahstan \u0219i K\u00e2rg\u00e2zstan, Germania, Italia, Bulgaria, Slovacia, Republica Ceh\u0103, China \u0219i statele baltice.<\/p>\n<p>Conceptul de baz\u0103 al companiei \u201dBarza Alb\u0103\u201d este de a deveni, prin performan\u021bele sale \u0219i prin produse calitative un simbol al \u021b\u0103rii, al standartului de calitate \u0219i eficien\u021b\u0103 care va reprezenta domeniul vitivinicol al Republicii Moldova ca bun exemplu pe plan mondial.<\/p>\n<\/div>\n<\/div>\n<\/div>\n<\/div>\n<\/div>\n","protected":false},"excerpt":{"rendered":"<p>Legenda despre Barza Alb\u0103 Se spune c\u0103, pe vremea lui \u0218tefan cel Mare, o armat\u0103 numeroas\u0103 de t\u0103tari a asediat Cetatea Soroca timp de luni de zile. \u00cen a\u0219teptarea ajutorului,&#8230;<\/p>\n","protected":false},"author":1,"featured_media":0,"parent":0,"menu_order":0,"comment_status":"closed","ping_status":"closed","template":"page-history.php","meta":{"_mi_skip_tracking":false,"footnotes":""},"class_list":["post-718","page","type-page","status-publish","hentry","entry"],"acf":[],"yoast_head":"<!-- This site is optimized with the Yoast SEO plugin v18.6 - https:\/\/yoast.com\/wordpress\/plugins\/seo\/ -->\n<title>Istoria - Barza Alb\u0103<\/title>\n<meta name=\"robots\" content=\"index, follow, max-snippet:-1, max-image-preview:large, max-video-preview:-1\" \/>\n<link rel=\"canonical\" href=\"https:\/\/barzaalba.md\/ro\/istoriya\/\" \/>\n<meta property=\"og:locale\" content=\"ro_RO\" \/>\n<meta property=\"og:type\" content=\"article\" \/>\n<meta property=\"og:title\" content=\"Istoria - Barza Alb\u0103\" \/>\n<meta property=\"og:description\" content=\"Legenda despre Barza Alb\u0103 Se spune c\u0103, pe vremea lui \u0218tefan cel Mare, o armat\u0103 numeroas\u0103 de t\u0103tari a asediat Cetatea Soroca timp de luni de zile. \u00cen a\u0219teptarea ajutorului,...\" \/>\n<meta property=\"og:url\" content=\"https:\/\/barzaalba.md\/ro\/istoriya\/\" \/>\n<meta property=\"og:site_name\" content=\"Barza Alb\u0103\" \/>\n<meta property=\"article:modified_time\" content=\"2025-09-23T19:34:05+00:00\" \/>\n<meta name=\"twitter:card\" content=\"summary_large_image\" \/>\n<meta name=\"twitter:label1\" content=\"Timp estimat pentru citire\" \/>\n\t<meta name=\"twitter:data1\" content=\"2 minute\" \/>\n<script type=\"application\/ld+json\" class=\"yoast-schema-graph\">{\"@context\":\"https:\/\/schema.org\",\"@graph\":[{\"@type\":\"Organization\",\"@id\":\"https:\/\/barzaalba.md\/ro\/#organization\",\"name\":\"Barza Alb\u0103\",\"url\":\"https:\/\/barzaalba.md\/ro\/\",\"sameAs\":[],\"logo\":{\"@type\":\"ImageObject\",\"@id\":\"https:\/\/barzaalba.md\/ro\/#logo\",\"inLanguage\":\"ro-RO\",\"url\":\"https:\/\/barzaalba.md\/wp-content\/uploads\/2019\/10\/main-logo1.png\",\"contentUrl\":\"https:\/\/barzaalba.md\/wp-content\/uploads\/2019\/10\/main-logo1.png\",\"width\":208,\"height\":79,\"caption\":\"Barza Alb\u0103\"},\"image\":{\"@id\":\"https:\/\/barzaalba.md\/ro\/#logo\"}},{\"@type\":\"WebSite\",\"@id\":\"https:\/\/barzaalba.md\/ro\/#website\",\"url\":\"https:\/\/barzaalba.md\/ro\/\",\"name\":\"Barza Alb\u0103\",\"description\":\"Din Inim\u0103, cu Drag\u2026\",\"publisher\":{\"@id\":\"https:\/\/barzaalba.md\/ro\/#organization\"},\"potentialAction\":[{\"@type\":\"SearchAction\",\"target\":{\"@type\":\"EntryPoint\",\"urlTemplate\":\"https:\/\/barzaalba.md\/ro\/?s={search_term_string}\"},\"query-input\":\"required name=search_term_string\"}],\"inLanguage\":\"ro-RO\"},{\"@type\":\"WebPage\",\"@id\":\"https:\/\/barzaalba.md\/ro\/istoriya\/#webpage\",\"url\":\"https:\/\/barzaalba.md\/ro\/istoriya\/\",\"name\":\"Istoria - Barza Alb\u0103\",\"isPartOf\":{\"@id\":\"https:\/\/barzaalba.md\/ro\/#website\"},\"datePublished\":\"2019-09-19T06:45:38+00:00\",\"dateModified\":\"2025-09-23T19:34:05+00:00\",\"breadcrumb\":{\"@id\":\"https:\/\/barzaalba.md\/ro\/istoriya\/#breadcrumb\"},\"inLanguage\":\"ro-RO\",\"potentialAction\":[{\"@type\":\"ReadAction\",\"target\":[\"https:\/\/barzaalba.md\/ro\/istoriya\/\"]}]},{\"@type\":\"BreadcrumbList\",\"@id\":\"https:\/\/barzaalba.md\/ro\/istoriya\/#breadcrumb\",\"itemListElement\":[{\"@type\":\"ListItem\",\"position\":1,\"name\":\"\u0413\u043b\u0430\u0432\u043d\u0430\u044f \u0441\u0442\u0440\u0430\u043d\u0438\u0446\u0430\",\"item\":\"https:\/\/barzaalba.md\/ro\/\"},{\"@type\":\"ListItem\",\"position\":2,\"name\":\"Istoria\"}]}]}<\/script>\n<!-- \/ Yoast SEO plugin. -->","yoast_head_json":{"title":"Istoria - Barza Alb\u0103","robots":{"index":"index","follow":"follow","max-snippet":"max-snippet:-1","max-image-preview":"max-image-preview:large","max-video-preview":"max-video-preview:-1"},"canonical":"https:\/\/barzaalba.md\/ro\/istoriya\/","og_locale":"ro_RO","og_type":"article","og_title":"Istoria - Barza Alb\u0103","og_description":"Legenda despre Barza Alb\u0103 Se spune c\u0103, pe vremea lui \u0218tefan cel Mare, o armat\u0103 numeroas\u0103 de t\u0103tari a asediat Cetatea Soroca timp de luni de zile. \u00cen a\u0219teptarea ajutorului,...","og_url":"https:\/\/barzaalba.md\/ro\/istoriya\/","og_site_name":"Barza Alb\u0103","article_modified_time":"2025-09-23T19:34:05+00:00","twitter_card":"summary_large_image","twitter_misc":{"Timp estimat pentru citire":"2 minute"},"schema":{"@context":"https:\/\/schema.org","@graph":[{"@type":"Organization","@id":"https:\/\/barzaalba.md\/ro\/#organization","name":"Barza Alb\u0103","url":"https:\/\/barzaalba.md\/ro\/","sameAs":[],"logo":{"@type":"ImageObject","@id":"https:\/\/barzaalba.md\/ro\/#logo","inLanguage":"ro-RO","url":"https:\/\/barzaalba.md\/wp-content\/uploads\/2019\/10\/main-logo1.png","contentUrl":"https:\/\/barzaalba.md\/wp-content\/uploads\/2019\/10\/main-logo1.png","width":208,"height":79,"caption":"Barza Alb\u0103"},"image":{"@id":"https:\/\/barzaalba.md\/ro\/#logo"}},{"@type":"WebSite","@id":"https:\/\/barzaalba.md\/ro\/#website","url":"https:\/\/barzaalba.md\/ro\/","name":"Barza Alb\u0103","description":"Din Inim\u0103, cu Drag\u2026","publisher":{"@id":"https:\/\/barzaalba.md\/ro\/#organization"},"potentialAction":[{"@type":"SearchAction","target":{"@type":"EntryPoint","urlTemplate":"https:\/\/barzaalba.md\/ro\/?s={search_term_string}"},"query-input":"required name=search_term_string"}],"inLanguage":"ro-RO"},{"@type":"WebPage","@id":"https:\/\/barzaalba.md\/ro\/istoriya\/#webpage","url":"https:\/\/barzaalba.md\/ro\/istoriya\/","name":"Istoria - Barza Alb\u0103","isPartOf":{"@id":"https:\/\/barzaalba.md\/ro\/#website"},"datePublished":"2019-09-19T06:45:38+00:00","dateModified":"2025-09-23T19:34:05+00:00","breadcrumb":{"@id":"https:\/\/barzaalba.md\/ro\/istoriya\/#breadcrumb"},"inLanguage":"ro-RO","potentialAction":[{"@type":"ReadAction","target":["https:\/\/barzaalba.md\/ro\/istoriya\/"]}]},{"@type":"BreadcrumbList","@id":"https:\/\/barzaalba.md\/ro\/istoriya\/#breadcrumb","itemListElement":[{"@type":"ListItem","position":1,"name":"\u0413\u043b\u0430\u0432\u043d\u0430\u044f \u0441\u0442\u0440\u0430\u043d\u0438\u0446\u0430","item":"https:\/\/barzaalba.md\/ro\/"},{"@type":"ListItem","position":2,"name":"Istoria"}]}]}},"_links":{"self":[{"href":"https:\/\/barzaalba.md\/ro\/wp-json\/wp\/v2\/pages\/718\/"}],"collection":[{"href":"https:\/\/barzaalba.md\/ro\/wp-json\/wp\/v2\/pages\/"}],"about":[{"href":"https:\/\/barzaalba.md\/ro\/wp-json\/wp\/v2\/types\/page\/"}],"author":[{"embeddable":true,"href":"https:\/\/barzaalba.md\/ro\/wp-json\/wp\/v2\/users\/1\/"}],"replies":[{"embeddable":true,"href":"https:\/\/barzaalba.md\/ro\/wp-json\/wp\/v2\/comments\/?post=718"}],"version-history":[{"count":29,"href":"https:\/\/barzaalba.md\/ro\/wp-json\/wp\/v2\/pages\/718\/revisions\/"}],"predecessor-version":[{"id":3158,"href":"https:\/\/barzaalba.md\/ro\/wp-json\/wp\/v2\/pages\/718\/revisions\/3158\/"}],"wp:attachment":[{"href":"https:\/\/barzaalba.md\/ro\/wp-json\/wp\/v2\/media\/?parent=718"}],"curies":[{"name":"wp","href":"https:\/\/api.w.org\/{rel}","templated":true}]}}