{"id":632,"date":"2019-09-13T15:15:33","date_gmt":"2019-09-13T12:15:33","guid":{"rendered":"http:\/\/barzaalba.md\/produkcziya\/"},"modified":"2020-04-09T16:40:11","modified_gmt":"2020-04-09T13:40:11","slug":"produkcziya","status":"publish","type":"page","link":"https:\/\/barzaalba.md\/ro\/produkcziya\/","title":{"rendered":"Produse"},"content":{"rendered":"<p>&nbsp;<\/p>\n<p>\u201eBrandy\u201d, \u201eDivin\u201d \u0219i \u201eRachiu de cidru de mere maturat\u201d Barza Alb\u0103 sunt etaloane recunoscute a viniculturii moldovene\u0219ti. \u00cenalta calitate a divinurilor a fost asigurat\u0103 de genera\u021bii consacrate artei divinului \u0219i tradi\u021biilor \u00een procesul de \u00eennobilare prin \u00eenvechire la butoi a distilatelor de vin.<\/p>\n<p>&nbsp;<\/p>\n","protected":false},"excerpt":{"rendered":"<p>&nbsp; \u201eBrandy\u201d, \u201eDivin\u201d \u0219i \u201eRachiu de cidru de mere maturat\u201d Barza Alb\u0103 sunt etaloane recunoscute a viniculturii moldovene\u0219ti. \u00cenalta calitate a divinurilor a fost asigurat\u0103 de genera\u021bii consacrate artei divinului&#8230;<\/p>\n","protected":false},"author":1,"featured_media":0,"parent":0,"menu_order":0,"comment_status":"closed","ping_status":"closed","template":"Products.php","meta":{"_mi_skip_tracking":false,"footnotes":""},"class_list":["post-632","page","type-page","status-publish","hentry","entry"],"acf":[],"yoast_head":"<!-- This site is optimized with the Yoast SEO plugin v18.6 - https:\/\/yoast.com\/wordpress\/plugins\/seo\/ -->\n<title>Produse - Barza Alb\u0103<\/title>\n<meta name=\"robots\" content=\"index, follow, max-snippet:-1, max-image-preview:large, max-video-preview:-1\" \/>\n<link rel=\"canonical\" href=\"https:\/\/barzaalba.md\/ro\/produkcziya\/\" \/>\n<meta property=\"og:locale\" content=\"ro_RO\" \/>\n<meta property=\"og:type\" content=\"article\" \/>\n<meta property=\"og:title\" content=\"Produse - Barza Alb\u0103\" \/>\n<meta property=\"og:description\" content=\"&nbsp; \u201eBrandy\u201d, \u201eDivin\u201d \u0219i \u201eRachiu de cidru de mere maturat\u201d Barza Alb\u0103 sunt etaloane recunoscute a viniculturii moldovene\u0219ti. \u00cenalta calitate a divinurilor a fost asigurat\u0103 de genera\u021bii consacrate artei divinului...\" \/>\n<meta property=\"og:url\" content=\"https:\/\/barzaalba.md\/ro\/produkcziya\/\" \/>\n<meta property=\"og:site_name\" content=\"Barza Alb\u0103\" \/>\n<meta property=\"article:modified_time\" content=\"2020-04-09T13:40:11+00:00\" \/>\n<meta name=\"twitter:card\" content=\"summary_large_image\" \/>\n<script type=\"application\/ld+json\" class=\"yoast-schema-graph\">{\"@context\":\"https:\/\/schema.org\",\"@graph\":[{\"@type\":\"Organization\",\"@id\":\"https:\/\/barzaalba.md\/ro\/#organization\",\"name\":\"Barza Alb\u0103\",\"url\":\"https:\/\/barzaalba.md\/ro\/\",\"sameAs\":[],\"logo\":{\"@type\":\"ImageObject\",\"@id\":\"https:\/\/barzaalba.md\/ro\/#logo\",\"inLanguage\":\"ro-RO\",\"url\":\"https:\/\/barzaalba.md\/wp-content\/uploads\/2019\/10\/main-logo1.png\",\"contentUrl\":\"https:\/\/barzaalba.md\/wp-content\/uploads\/2019\/10\/main-logo1.png\",\"width\":208,\"height\":79,\"caption\":\"Barza Alb\u0103\"},\"image\":{\"@id\":\"https:\/\/barzaalba.md\/ro\/#logo\"}},{\"@type\":\"WebSite\",\"@id\":\"https:\/\/barzaalba.md\/ro\/#website\",\"url\":\"https:\/\/barzaalba.md\/ro\/\",\"name\":\"Barza Alb\u0103\",\"description\":\"Din Inim\u0103, cu Drag\u2026\",\"publisher\":{\"@id\":\"https:\/\/barzaalba.md\/ro\/#organization\"},\"potentialAction\":[{\"@type\":\"SearchAction\",\"target\":{\"@type\":\"EntryPoint\",\"urlTemplate\":\"https:\/\/barzaalba.md\/ro\/?s={search_term_string}\"},\"query-input\":\"required name=search_term_string\"}],\"inLanguage\":\"ro-RO\"},{\"@type\":\"WebPage\",\"@id\":\"https:\/\/barzaalba.md\/ro\/produkcziya\/#webpage\",\"url\":\"https:\/\/barzaalba.md\/ro\/produkcziya\/\",\"name\":\"Produse - Barza Alb\u0103\",\"isPartOf\":{\"@id\":\"https:\/\/barzaalba.md\/ro\/#website\"},\"datePublished\":\"2019-09-13T12:15:33+00:00\",\"dateModified\":\"2020-04-09T13:40:11+00:00\",\"breadcrumb\":{\"@id\":\"https:\/\/barzaalba.md\/ro\/produkcziya\/#breadcrumb\"},\"inLanguage\":\"ro-RO\",\"potentialAction\":[{\"@type\":\"ReadAction\",\"target\":[\"https:\/\/barzaalba.md\/ro\/produkcziya\/\"]}]},{\"@type\":\"BreadcrumbList\",\"@id\":\"https:\/\/barzaalba.md\/ro\/produkcziya\/#breadcrumb\",\"itemListElement\":[{\"@type\":\"ListItem\",\"position\":1,\"name\":\"\u0413\u043b\u0430\u0432\u043d\u0430\u044f \u0441\u0442\u0440\u0430\u043d\u0438\u0446\u0430\",\"item\":\"https:\/\/barzaalba.md\/ro\/\"},{\"@type\":\"ListItem\",\"position\":2,\"name\":\"Produse\"}]}]}<\/script>\n<!-- \/ Yoast SEO plugin. -->","yoast_head_json":{"title":"Produse - Barza Alb\u0103","robots":{"index":"index","follow":"follow","max-snippet":"max-snippet:-1","max-image-preview":"max-image-preview:large","max-video-preview":"max-video-preview:-1"},"canonical":"https:\/\/barzaalba.md\/ro\/produkcziya\/","og_locale":"ro_RO","og_type":"article","og_title":"Produse - Barza Alb\u0103","og_description":"&nbsp; \u201eBrandy\u201d, \u201eDivin\u201d \u0219i \u201eRachiu de cidru de mere maturat\u201d Barza Alb\u0103 sunt etaloane recunoscute a viniculturii moldovene\u0219ti. \u00cenalta calitate a divinurilor a fost asigurat\u0103 de genera\u021bii consacrate artei divinului...","og_url":"https:\/\/barzaalba.md\/ro\/produkcziya\/","og_site_name":"Barza Alb\u0103","article_modified_time":"2020-04-09T13:40:11+00:00","twitter_card":"summary_large_image","schema":{"@context":"https:\/\/schema.org","@graph":[{"@type":"Organization","@id":"https:\/\/barzaalba.md\/ro\/#organization","name":"Barza Alb\u0103","url":"https:\/\/barzaalba.md\/ro\/","sameAs":[],"logo":{"@type":"ImageObject","@id":"https:\/\/barzaalba.md\/ro\/#logo","inLanguage":"ro-RO","url":"https:\/\/barzaalba.md\/wp-content\/uploads\/2019\/10\/main-logo1.png","contentUrl":"https:\/\/barzaalba.md\/wp-content\/uploads\/2019\/10\/main-logo1.png","width":208,"height":79,"caption":"Barza Alb\u0103"},"image":{"@id":"https:\/\/barzaalba.md\/ro\/#logo"}},{"@type":"WebSite","@id":"https:\/\/barzaalba.md\/ro\/#website","url":"https:\/\/barzaalba.md\/ro\/","name":"Barza Alb\u0103","description":"Din Inim\u0103, cu Drag\u2026","publisher":{"@id":"https:\/\/barzaalba.md\/ro\/#organization"},"potentialAction":[{"@type":"SearchAction","target":{"@type":"EntryPoint","urlTemplate":"https:\/\/barzaalba.md\/ro\/?s={search_term_string}"},"query-input":"required name=search_term_string"}],"inLanguage":"ro-RO"},{"@type":"WebPage","@id":"https:\/\/barzaalba.md\/ro\/produkcziya\/#webpage","url":"https:\/\/barzaalba.md\/ro\/produkcziya\/","name":"Produse - Barza Alb\u0103","isPartOf":{"@id":"https:\/\/barzaalba.md\/ro\/#website"},"datePublished":"2019-09-13T12:15:33+00:00","dateModified":"2020-04-09T13:40:11+00:00","breadcrumb":{"@id":"https:\/\/barzaalba.md\/ro\/produkcziya\/#breadcrumb"},"inLanguage":"ro-RO","potentialAction":[{"@type":"ReadAction","target":["https:\/\/barzaalba.md\/ro\/produkcziya\/"]}]},{"@type":"BreadcrumbList","@id":"https:\/\/barzaalba.md\/ro\/produkcziya\/#breadcrumb","itemListElement":[{"@type":"ListItem","position":1,"name":"\u0413\u043b\u0430\u0432\u043d\u0430\u044f \u0441\u0442\u0440\u0430\u043d\u0438\u0446\u0430","item":"https:\/\/barzaalba.md\/ro\/"},{"@type":"ListItem","position":2,"name":"Produse"}]}]}},"_links":{"self":[{"href":"https:\/\/barzaalba.md\/ro\/wp-json\/wp\/v2\/pages\/632\/"}],"collection":[{"href":"https:\/\/barzaalba.md\/ro\/wp-json\/wp\/v2\/pages\/"}],"about":[{"href":"https:\/\/barzaalba.md\/ro\/wp-json\/wp\/v2\/types\/page\/"}],"author":[{"embeddable":true,"href":"https:\/\/barzaalba.md\/ro\/wp-json\/wp\/v2\/users\/1\/"}],"replies":[{"embeddable":true,"href":"https:\/\/barzaalba.md\/ro\/wp-json\/wp\/v2\/comments\/?post=632"}],"version-history":[{"count":7,"href":"https:\/\/barzaalba.md\/ro\/wp-json\/wp\/v2\/pages\/632\/revisions\/"}],"predecessor-version":[{"id":2363,"href":"https:\/\/barzaalba.md\/ro\/wp-json\/wp\/v2\/pages\/632\/revisions\/2363\/"}],"wp:attachment":[{"href":"https:\/\/barzaalba.md\/ro\/wp-json\/wp\/v2\/media\/?parent=632"}],"curies":[{"name":"wp","href":"https:\/\/api.w.org\/{rel}","templated":true}]}}